{"id":326,"date":"2020-03-31T14:46:01","date_gmt":"2020-03-31T12:46:01","guid":{"rendered":"https:\/\/www.kindergarten-breitenau.de\/wordpress\/?page_id=326"},"modified":"2020-04-28T07:23:48","modified_gmt":"2020-04-28T05:23:48","slug":"anmeldung","status":"publish","type":"page","link":"https:\/\/www.kindergarten-breitenau.de\/?page_id=326","title":{"rendered":"Anmeldung"},"content":{"rendered":"\n<p>Das Anmeldeverfahren f\u00fcr unseren Kindergarten wird zentral durch die Stadt Feuchtwangen gesteuert. <\/p>\n\n\n\n<p>Wenn Sie ihr Kind bei uns anmelden m\u00f6chten, dann k\u00f6nnen Sie dies \u00fcber das Online-Portal der Stadt Feuchtwangen tun. Einen Link zu besagter Seite finden Sie weiter unten. <\/p>\n\n\n\n<div class=\"wp-block-image\"><figure class=\"aligncenter size-large is-resized\"><img loading=\"lazy\" decoding=\"async\" src=\"https:\/\/www.feuchtwangen.de\/fileadmin\/_processed_\/e\/5\/csm_Flyer_2020_1445fe1f47.jpg\" alt=\"\" width=\"119\" height=\"242\"\/><\/figure><\/div>\n\n\n\n<p>Wir m\u00f6chten Sie darauf hinweisen, dass wir unsere Pl\u00e4tze vorrangig anhand der Priorit\u00e4t angeben, wenn Sie also Teil unseres Kindergartens werden m\u00f6chten, dann geben Sie bitte Priorit\u00e4t 1 an. <\/p>\n\n\n\n<p> Generell haben Kinder ab dem ersten Lebensjahr einen Anspruch auf einen Betreuungsplatz. Die Aufnahme in die Kindertagesst\u00e4tten der Stadt Feuchtwangen zum 01.09. erfolgt nach Ma\u00dfgabe der verf\u00fcgbaren Pl\u00e4tze. Sind nicht gen\u00fcgend freie Pl\u00e4tze verf\u00fcgbar, so wird die Auswahl unter den in der Stadt Feuchtwangen wohnenden Kindern nach folgenden Dringlichkeitsstufen getroffen: <\/p>\n\n\n\n<p>1. Kinder, die im n\u00e4chsten Jahr schulpflichtig werden; <\/p>\n\n\n\n<p>2. Kinder, wenn mind. ein Geschwisterkind zu Beginn der Buchung bereits die ausgew\u00e4hlte Kindertagesst\u00e4tte besucht; <\/p>\n\n\n\n<p>3. Kinder, deren Familien sich in einer besonderen Notlage befinden; <\/p>\n\n\n\n<p>4. Nach dem Geburtsdatum der Kinder; <\/p>\n\n\n\n<p>5. Nach dem gew\u00fcnschten Aufnahmedatum. <\/p>\n\n\n\n<p>Die Tr\u00e4ger k\u00f6nnen weiterhin in begr\u00fcndeten Einzelf\u00e4llen verf\u00fcgbare Pl\u00e4tze aufgrund von  innerdienstlichen Regelungen vergeben. <\/p>\n\n\n\n<p class=\"has-medium-font-size\"><a href=\"https:\/\/www.feuchtwangen.de\/de\/leben-wohnen\/kinderbetreuung\/kindertagesstaetten\/kitaplatz-bedarfsanmeldung\" target=\"_blank\" rel=\"noreferrer noopener\">Kitaplatz Bedarfsanmeldung der Stadt Feuchtwangen<\/a><\/p>\n","protected":false},"excerpt":{"rendered":"<p>Das Anmeldeverfahren f\u00fcr unseren Kindergarten wird zentral durch die Stadt Feuchtwangen gesteuert. Wenn Sie ihr Kind bei uns anmelden m\u00f6chten, dann k\u00f6nnen Sie dies \u00fcber das Online-Portal der Stadt Feuchtwangen tun. Einen Link zu besagter Seite finden Sie weiter unten.<\/p>\n","protected":false},"author":2,"featured_media":0,"parent":0,"menu_order":0,"comment_status":"closed","ping_status":"closed","template":"","meta":{"footnotes":""},"class_list":["post-326","page","type-page","status-publish","hentry"],"_links":{"self":[{"href":"https:\/\/www.kindergarten-breitenau.de\/index.php?rest_route=\/wp\/v2\/pages\/326","targetHints":{"allow":["GET"]}}],"collection":[{"href":"https:\/\/www.kindergarten-breitenau.de\/index.php?rest_route=\/wp\/v2\/pages"}],"about":[{"href":"https:\/\/www.kindergarten-breitenau.de\/index.php?rest_route=\/wp\/v2\/types\/page"}],"author":[{"embeddable":true,"href":"https:\/\/www.kindergarten-breitenau.de\/index.php?rest_route=\/wp\/v2\/users\/2"}],"replies":[{"embeddable":true,"href":"https:\/\/www.kindergarten-breitenau.de\/index.php?rest_route=%2Fwp%2Fv2%2Fcomments&post=326"}],"version-history":[{"count":3,"href":"https:\/\/www.kindergarten-breitenau.de\/index.php?rest_route=\/wp\/v2\/pages\/326\/revisions"}],"predecessor-version":[{"id":417,"href":"https:\/\/www.kindergarten-breitenau.de\/index.php?rest_route=\/wp\/v2\/pages\/326\/revisions\/417"}],"wp:attachment":[{"href":"https:\/\/www.kindergarten-breitenau.de\/index.php?rest_route=%2Fwp%2Fv2%2Fmedia&parent=326"}],"curies":[{"name":"wp","href":"https:\/\/api.w.org\/{rel}","templated":true}]}}