{"id":333,"date":"2020-03-31T14:55:16","date_gmt":"2020-03-31T12:55:16","guid":{"rendered":"https:\/\/www.kindergarten-breitenau.de\/wordpress\/?page_id=333"},"modified":"2020-04-28T07:16:58","modified_gmt":"2020-04-28T05:16:58","slug":"archiv","status":"publish","type":"page","link":"https:\/\/www.kindergarten-breitenau.de\/?page_id=333","title":{"rendered":"Archiv"},"content":{"rendered":"\t\t<div data-elementor-type=\"wp-page\" data-elementor-id=\"333\" class=\"elementor elementor-333\">\n\t\t\t\t\t\t\t\t\t<section class=\"elementor-section elementor-top-section elementor-element elementor-element-4fdc35ab elementor-section-boxed elementor-section-height-default elementor-section-height-default\" data-id=\"4fdc35ab\" data-element_type=\"section\">\n\t\t\t\t\t\t<div class=\"elementor-container elementor-column-gap-default\">\n\t\t\t\t\t<div class=\"elementor-column elementor-col-100 elementor-top-column elementor-element elementor-element-4061500b\" data-id=\"4061500b\" data-element_type=\"column\">\n\t\t\t<div class=\"elementor-widget-wrap elementor-element-populated\">\n\t\t\t\t\t\t\t\t<div class=\"elementor-element elementor-element-1b432f8f elementor-widget elementor-widget-text-editor\" data-id=\"1b432f8f\" data-element_type=\"widget\" data-widget_type=\"text-editor.default\">\n\t\t\t\t<div class=\"elementor-widget-container\">\n\t\t\t\t\t\t\t<!-- wp:paragraph -->\n<p>Hier finden Sie verschiedene Beitr\u00e4ge aus dem Archiv unseres Kindergartens. <\/p>\n<!-- \/wp:paragraph -->\t\t\t\t\t\t<\/div>\n\t\t\t\t<\/div>\n\t\t\t\t\t<\/div>\n\t\t<\/div>\n\t\t\t\t\t\t\t<\/div>\n\t\t<\/section>\n\t\t\t\t<section class=\"elementor-section elementor-top-section elementor-element elementor-element-5e021b8 elementor-section-boxed elementor-section-height-default elementor-section-height-default\" data-id=\"5e021b8\" data-element_type=\"section\">\n\t\t\t\t\t\t<div class=\"elementor-container elementor-column-gap-default\">\n\t\t\t\t\t<div class=\"elementor-column elementor-col-100 elementor-top-column elementor-element elementor-element-efc517b\" data-id=\"efc517b\" data-element_type=\"column\">\n\t\t\t<div class=\"elementor-widget-wrap elementor-element-populated\">\n\t\t\t\t\t\t\t\t<div class=\"elementor-element elementor-element-52b9d9d elementor-widget elementor-widget-accordion\" data-id=\"52b9d9d\" data-element_type=\"widget\" data-widget_type=\"accordion.default\">\n\t\t\t\t<div class=\"elementor-widget-container\">\n\t\t\t\t\t<div class=\"elementor-accordion\">\n\t\t\t\t\t\t\t<div class=\"elementor-accordion-item\">\n\t\t\t\t\t<div id=\"elementor-tab-title-8671\" class=\"elementor-tab-title\" data-tab=\"1\" role=\"button\" aria-controls=\"elementor-tab-content-8671\" aria-expanded=\"false\">\n\t\t\t\t\t\t\t\t\t\t\t\t\t<span class=\"elementor-accordion-icon elementor-accordion-icon-left\" aria-hidden=\"true\">\n\t\t\t\t\t\t\t\t\t\t\t\t\t\t\t<span class=\"elementor-accordion-icon-closed\"><i class=\"fas fa-plus\"><\/i><\/span>\n\t\t\t\t\t\t\t\t<span class=\"elementor-accordion-icon-opened\"><i class=\"fas fa-minus\"><\/i><\/span>\n\t\t\t\t\t\t\t\t\t\t\t\t\t\t<\/span>\n\t\t\t\t\t\t\t\t\t\t\t\t<a class=\"elementor-accordion-title\" tabindex=\"0\">News zum Neubau<\/a>\n\t\t\t\t\t<\/div>\n\t\t\t\t\t<div id=\"elementor-tab-content-8671\" class=\"elementor-tab-content elementor-clearfix\" data-tab=\"1\" role=\"region\" aria-labelledby=\"elementor-tab-title-8671\"><p><img loading=\"lazy\" decoding=\"async\" class=\"alignnone size-medium wp-image-407\" src=\"https:\/\/www.kindergarten-breitenau.de\/wp-content\/uploads\/2020\/04\/Anforderungsnachweis23-2-289x300.png\" alt=\"\" width=\"289\" height=\"300\" srcset=\"https:\/\/www.kindergarten-breitenau.de\/wp-content\/uploads\/2020\/04\/Anforderungsnachweis23-2-289x300.png 289w, https:\/\/www.kindergarten-breitenau.de\/wp-content\/uploads\/2020\/04\/Anforderungsnachweis23-2-987x1024.png 987w, https:\/\/www.kindergarten-breitenau.de\/wp-content\/uploads\/2020\/04\/Anforderungsnachweis23-2-768x796.png 768w, https:\/\/www.kindergarten-breitenau.de\/wp-content\/uploads\/2020\/04\/Anforderungsnachweis23-2.png 1267w\" sizes=\"auto, (max-width: 289px) 100vw, 289px\" \/> <img loading=\"lazy\" decoding=\"async\" class=\"alignnone size-medium wp-image-408\" src=\"https:\/\/www.kindergarten-breitenau.de\/wp-content\/uploads\/2020\/04\/Anforderungsnachweis23-3-300x120.png\" alt=\"\" width=\"300\" height=\"120\" srcset=\"https:\/\/www.kindergarten-breitenau.de\/wp-content\/uploads\/2020\/04\/Anforderungsnachweis23-3-300x120.png 300w, https:\/\/www.kindergarten-breitenau.de\/wp-content\/uploads\/2020\/04\/Anforderungsnachweis23-3-1024x409.png 1024w, https:\/\/www.kindergarten-breitenau.de\/wp-content\/uploads\/2020\/04\/Anforderungsnachweis23-3-768x307.png 768w, https:\/\/www.kindergarten-breitenau.de\/wp-content\/uploads\/2020\/04\/Anforderungsnachweis23-3-1536x613.png 1536w, https:\/\/www.kindergarten-breitenau.de\/wp-content\/uploads\/2020\/04\/Anforderungsnachweis23-3-2048x818.png 2048w\" sizes=\"auto, (max-width: 300px) 100vw, 300px\" \/> <img loading=\"lazy\" decoding=\"async\" class=\"alignnone size-medium wp-image-409\" src=\"https:\/\/www.kindergarten-breitenau.de\/wp-content\/uploads\/2020\/04\/Anforderungsnachweis24-300x212.png\" alt=\"\" width=\"300\" height=\"212\" srcset=\"https:\/\/www.kindergarten-breitenau.de\/wp-content\/uploads\/2020\/04\/Anforderungsnachweis24-300x212.png 300w, https:\/\/www.kindergarten-breitenau.de\/wp-content\/uploads\/2020\/04\/Anforderungsnachweis24-1024x724.png 1024w, https:\/\/www.kindergarten-breitenau.de\/wp-content\/uploads\/2020\/04\/Anforderungsnachweis24-768x543.png 768w, https:\/\/www.kindergarten-breitenau.de\/wp-content\/uploads\/2020\/04\/Anforderungsnachweis24.png 1169w\" sizes=\"auto, (max-width: 300px) 100vw, 300px\" \/> <img loading=\"lazy\" decoding=\"async\" class=\"alignnone size-medium wp-image-410\" src=\"https:\/\/www.kindergarten-breitenau.de\/wp-content\/uploads\/2020\/04\/Anforderungsnachweis25-2-300x235.png\" alt=\"\" width=\"300\" height=\"235\" srcset=\"https:\/\/www.kindergarten-breitenau.de\/wp-content\/uploads\/2020\/04\/Anforderungsnachweis25-2-300x235.png 300w, https:\/\/www.kindergarten-breitenau.de\/wp-content\/uploads\/2020\/04\/Anforderungsnachweis25-2-768x603.png 768w, https:\/\/www.kindergarten-breitenau.de\/wp-content\/uploads\/2020\/04\/Anforderungsnachweis25-2.png 897w\" sizes=\"auto, (max-width: 300px) 100vw, 300px\" \/> <img loading=\"lazy\" decoding=\"async\" class=\"alignnone size-medium wp-image-406\" src=\"https:\/\/www.kindergarten-breitenau.de\/wp-content\/uploads\/2020\/04\/Anforderungsnachweis22-300x212.png\" alt=\"\" width=\"300\" height=\"212\" srcset=\"https:\/\/www.kindergarten-breitenau.de\/wp-content\/uploads\/2020\/04\/Anforderungsnachweis22-300x212.png 300w, https:\/\/www.kindergarten-breitenau.de\/wp-content\/uploads\/2020\/04\/Anforderungsnachweis22-1024x724.png 1024w, https:\/\/www.kindergarten-breitenau.de\/wp-content\/uploads\/2020\/04\/Anforderungsnachweis22-768x543.png 768w, https:\/\/www.kindergarten-breitenau.de\/wp-content\/uploads\/2020\/04\/Anforderungsnachweis22.png 1169w\" sizes=\"auto, (max-width: 300px) 100vw, 300px\" \/> <img loading=\"lazy\" decoding=\"async\" class=\"alignnone size-medium wp-image-405\" src=\"https:\/\/www.kindergarten-breitenau.de\/wp-content\/uploads\/2020\/04\/Anforderungsnachweis21-212x300.png\" alt=\"\" width=\"212\" height=\"300\" srcset=\"https:\/\/www.kindergarten-breitenau.de\/wp-content\/uploads\/2020\/04\/Anforderungsnachweis21-212x300.png 212w, https:\/\/www.kindergarten-breitenau.de\/wp-content\/uploads\/2020\/04\/Anforderungsnachweis21-724x1024.png 724w, https:\/\/www.kindergarten-breitenau.de\/wp-content\/uploads\/2020\/04\/Anforderungsnachweis21-768x1086.png 768w, https:\/\/www.kindergarten-breitenau.de\/wp-content\/uploads\/2020\/04\/Anforderungsnachweis21.png 827w\" sizes=\"auto, (max-width: 212px) 100vw, 212px\" \/> <img loading=\"lazy\" decoding=\"async\" class=\"alignnone size-medium wp-image-404\" src=\"https:\/\/www.kindergarten-breitenau.de\/wp-content\/uploads\/2020\/04\/Anforderungsnachweis20-300x212.png\" alt=\"\" width=\"300\" height=\"212\" srcset=\"https:\/\/www.kindergarten-breitenau.de\/wp-content\/uploads\/2020\/04\/Anforderungsnachweis20-300x212.png 300w, https:\/\/www.kindergarten-breitenau.de\/wp-content\/uploads\/2020\/04\/Anforderungsnachweis20-1024x724.png 1024w, https:\/\/www.kindergarten-breitenau.de\/wp-content\/uploads\/2020\/04\/Anforderungsnachweis20-768x543.png 768w, https:\/\/www.kindergarten-breitenau.de\/wp-content\/uploads\/2020\/04\/Anforderungsnachweis20.png 1169w\" sizes=\"auto, (max-width: 300px) 100vw, 300px\" \/>Alle Ausschnitte aus der Fr\u00e4nkischen Landeszeitung (2018-2020)<\/p><\/div>\n\t\t\t\t<\/div>\n\t\t\t\t\t\t\t<div class=\"elementor-accordion-item\">\n\t\t\t\t\t<div id=\"elementor-tab-title-8672\" class=\"elementor-tab-title\" data-tab=\"2\" role=\"button\" aria-controls=\"elementor-tab-content-8672\" aria-expanded=\"false\">\n\t\t\t\t\t\t\t\t\t\t\t\t\t<span class=\"elementor-accordion-icon elementor-accordion-icon-left\" aria-hidden=\"true\">\n\t\t\t\t\t\t\t\t\t\t\t\t\t\t\t<span class=\"elementor-accordion-icon-closed\"><i class=\"fas fa-plus\"><\/i><\/span>\n\t\t\t\t\t\t\t\t<span class=\"elementor-accordion-icon-opened\"><i class=\"fas fa-minus\"><\/i><\/span>\n\t\t\t\t\t\t\t\t\t\t\t\t\t\t<\/span>\n\t\t\t\t\t\t\t\t\t\t\t\t<a class=\"elementor-accordion-title\" tabindex=\"0\">News zu Aktionen<\/a>\n\t\t\t\t\t<\/div>\n\t\t\t\t\t<div id=\"elementor-tab-content-8672\" class=\"elementor-tab-content elementor-clearfix\" data-tab=\"2\" role=\"region\" aria-labelledby=\"elementor-tab-title-8672\"><p><img loading=\"lazy\" decoding=\"async\" class=\"alignnone size-medium wp-image-403\" src=\"https:\/\/www.kindergarten-breitenau.de\/wp-content\/uploads\/2020\/04\/Anforderungsnachweis17-2_LI-300x221.jpg\" alt=\"\" width=\"300\" height=\"221\" srcset=\"https:\/\/www.kindergarten-breitenau.de\/wp-content\/uploads\/2020\/04\/Anforderungsnachweis17-2_LI-300x221.jpg 300w, https:\/\/www.kindergarten-breitenau.de\/wp-content\/uploads\/2020\/04\/Anforderungsnachweis17-2_LI-1024x755.jpg 1024w, https:\/\/www.kindergarten-breitenau.de\/wp-content\/uploads\/2020\/04\/Anforderungsnachweis17-2_LI-768x566.jpg 768w, https:\/\/www.kindergarten-breitenau.de\/wp-content\/uploads\/2020\/04\/Anforderungsnachweis17-2_LI-1536x1133.jpg 1536w, https:\/\/www.kindergarten-breitenau.de\/wp-content\/uploads\/2020\/04\/Anforderungsnachweis17-2_LI-2048x1510.jpg 2048w\" sizes=\"auto, (max-width: 300px) 100vw, 300px\" \/>Fr\u00e4nkische Landeszeitung, Dezember 2019<\/p><\/div>\n\t\t\t\t<\/div>\n\t\t\t\t\t\t\t\t<\/div>\n\t\t\t\t<\/div>\n\t\t\t\t<\/div>\n\t\t\t\t\t<\/div>\n\t\t<\/div>\n\t\t\t\t\t\t\t<\/div>\n\t\t<\/section>\n\t\t\t\t\t\t\t<\/div>\n\t\t","protected":false},"excerpt":{"rendered":"<p>Hier finden Sie verschiedene Beitr\u00e4ge aus dem Archiv unseres Kindergartens. News zum Neubau Alle Ausschnitte aus der Fr\u00e4nkischen Landeszeitung (2018-2020) News zu Aktionen Fr\u00e4nkische Landeszeitung, Dezember 2019<\/p>\n","protected":false},"author":2,"featured_media":0,"parent":0,"menu_order":0,"comment_status":"closed","ping_status":"closed","template":"","meta":{"footnotes":""},"class_list":["post-333","page","type-page","status-publish","hentry"],"_links":{"self":[{"href":"https:\/\/www.kindergarten-breitenau.de\/index.php?rest_route=\/wp\/v2\/pages\/333","targetHints":{"allow":["GET"]}}],"collection":[{"href":"https:\/\/www.kindergarten-breitenau.de\/index.php?rest_route=\/wp\/v2\/pages"}],"about":[{"href":"https:\/\/www.kindergarten-breitenau.de\/index.php?rest_route=\/wp\/v2\/types\/page"}],"author":[{"embeddable":true,"href":"https:\/\/www.kindergarten-breitenau.de\/index.php?rest_route=\/wp\/v2\/users\/2"}],"replies":[{"embeddable":true,"href":"https:\/\/www.kindergarten-breitenau.de\/index.php?rest_route=%2Fwp%2Fv2%2Fcomments&post=333"}],"version-history":[{"count":3,"href":"https:\/\/www.kindergarten-breitenau.de\/index.php?rest_route=\/wp\/v2\/pages\/333\/revisions"}],"predecessor-version":[{"id":413,"href":"https:\/\/www.kindergarten-breitenau.de\/index.php?rest_route=\/wp\/v2\/pages\/333\/revisions\/413"}],"wp:attachment":[{"href":"https:\/\/www.kindergarten-breitenau.de\/index.php?rest_route=%2Fwp%2Fv2%2Fmedia&parent=333"}],"curies":[{"name":"wp","href":"https:\/\/api.w.org\/{rel}","templated":true}]}}