{"id":557,"date":"2022-11-22T15:11:18","date_gmt":"2022-11-22T14:11:18","guid":{"rendered":"https:\/\/www.kindergarten-breitenau.de\/?page_id=557"},"modified":"2024-09-09T14:05:44","modified_gmt":"2024-09-09T12:05:44","slug":"wir-bilden-aus","status":"publish","type":"page","link":"https:\/\/www.kindergarten-breitenau.de\/?page_id=557","title":{"rendered":"Wir bilden aus!"},"content":{"rendered":"\t\t<div data-elementor-type=\"wp-page\" data-elementor-id=\"557\" class=\"elementor elementor-557\">\n\t\t\t\t\t\t\t\t\t<section class=\"elementor-section elementor-top-section elementor-element elementor-element-9e950ad elementor-section-boxed elementor-section-height-default elementor-section-height-default\" data-id=\"9e950ad\" data-element_type=\"section\">\n\t\t\t\t\t\t<div class=\"elementor-container elementor-column-gap-default\">\n\t\t\t\t\t<div class=\"elementor-column elementor-col-50 elementor-top-column elementor-element elementor-element-97e3f94\" data-id=\"97e3f94\" data-element_type=\"column\">\n\t\t\t<div class=\"elementor-widget-wrap elementor-element-populated\">\n\t\t\t\t\t\t\t\t<div class=\"elementor-element elementor-element-01f993d elementor-widget elementor-widget-text-editor\" data-id=\"01f993d\" data-element_type=\"widget\" data-widget_type=\"text-editor.default\">\n\t\t\t\t<div class=\"elementor-widget-container\">\n\t\t\t\t\t\t\t<p>Die Ausbildung neuer Fachkr\u00e4fte f\u00fcr den Bereich Kindergarten und Krippe ist uns ein gro\u00dfes Anliegen. Deshalb m\u00f6chten wir auch weiterhin Praktikanten die Chance geben, bei uns zu lernen und zu wachsen.&nbsp;<\/p><p><br><\/p><p>Bei Interesse rufen Sie uns einfach einmal an!&nbsp;<\/p>\t\t\t\t\t\t<\/div>\n\t\t\t\t<\/div>\n\t\t\t\t\t<\/div>\n\t\t<\/div>\n\t\t\t\t<div class=\"elementor-column elementor-col-50 elementor-top-column elementor-element elementor-element-e2208fd\" data-id=\"e2208fd\" data-element_type=\"column\">\n\t\t\t<div class=\"elementor-widget-wrap elementor-element-populated\">\n\t\t\t\t\t\t\t\t<div class=\"elementor-element elementor-element-552f888 elementor-widget elementor-widget-text-editor\" data-id=\"552f888\" data-element_type=\"widget\" data-widget_type=\"text-editor.default\">\n\t\t\t\t<div class=\"elementor-widget-container\">\n\t\t\t\t\t\t\t<p>Erzieher\/in im Anererkennungsjahr<\/p><p>Optiprax<\/p><p>SEJ<\/p><p>Kinderpflege<\/p>\t\t\t\t\t\t<\/div>\n\t\t\t\t<\/div>\n\t\t\t\t\t<\/div>\n\t\t<\/div>\n\t\t\t\t\t\t\t<\/div>\n\t\t<\/section>\n\t\t\t\t<section class=\"elementor-section elementor-top-section elementor-element elementor-element-a0d4b8b elementor-section-boxed elementor-section-height-default elementor-section-height-default\" data-id=\"a0d4b8b\" data-element_type=\"section\">\n\t\t\t\t\t\t<div class=\"elementor-container elementor-column-gap-default\">\n\t\t\t\t\t<div class=\"elementor-column elementor-col-100 elementor-top-column elementor-element elementor-element-6964533\" data-id=\"6964533\" data-element_type=\"column\">\n\t\t\t<div class=\"elementor-widget-wrap elementor-element-populated\">\n\t\t\t\t\t\t\t\t<div class=\"elementor-element elementor-element-5437d3c elementor-widget elementor-widget-text-editor\" data-id=\"5437d3c\" data-element_type=\"widget\" data-widget_type=\"text-editor.default\">\n\t\t\t\t<div class=\"elementor-widget-container\">\n\t\t\t\t\t\t\t<p>Aktuell bei uns in der Ausbildung:&nbsp;<\/p>\n<p><span style=\"font-family: Lato, sans-serif; font-size: 16px; color: var( --e-global-color-text );\">Katja St\u00fcmpfig &#8211; Erzieherin im Anerkennungsjahr<\/span><br><\/p>\t\t\t\t\t\t<\/div>\n\t\t\t\t<\/div>\n\t\t\t\t\t<\/div>\n\t\t<\/div>\n\t\t\t\t\t\t\t<\/div>\n\t\t<\/section>\n\t\t\t\t<section class=\"elementor-section elementor-top-section elementor-element elementor-element-74962ae elementor-section-boxed elementor-section-height-default elementor-section-height-default\" data-id=\"74962ae\" data-element_type=\"section\">\n\t\t\t\t\t\t<div class=\"elementor-container elementor-column-gap-default\">\n\t\t\t\t\t<div class=\"elementor-column elementor-col-100 elementor-top-column elementor-element elementor-element-f56951a\" data-id=\"f56951a\" data-element_type=\"column\">\n\t\t\t<div class=\"elementor-widget-wrap\">\n\t\t\t\t\t\t\t\t\t<\/div>\n\t\t<\/div>\n\t\t\t\t\t\t\t<\/div>\n\t\t<\/section>\n\t\t\t\t\t\t\t<\/div>\n\t\t","protected":false},"excerpt":{"rendered":"<p>Die Ausbildung neuer Fachkr\u00e4fte f\u00fcr den Bereich Kindergarten und Krippe ist uns ein gro\u00dfes Anliegen. Deshalb m\u00f6chten wir auch weiterhin Praktikanten die Chance geben, bei uns zu lernen und zu wachsen.&nbsp; Bei Interesse rufen Sie uns einfach einmal an!&nbsp; Erzieher\/in<\/p>\n","protected":false},"author":2,"featured_media":0,"parent":0,"menu_order":0,"comment_status":"closed","ping_status":"closed","template":"","meta":{"footnotes":""},"class_list":["post-557","page","type-page","status-publish","hentry"],"_links":{"self":[{"href":"https:\/\/www.kindergarten-breitenau.de\/index.php?rest_route=\/wp\/v2\/pages\/557","targetHints":{"allow":["GET"]}}],"collection":[{"href":"https:\/\/www.kindergarten-breitenau.de\/index.php?rest_route=\/wp\/v2\/pages"}],"about":[{"href":"https:\/\/www.kindergarten-breitenau.de\/index.php?rest_route=\/wp\/v2\/types\/page"}],"author":[{"embeddable":true,"href":"https:\/\/www.kindergarten-breitenau.de\/index.php?rest_route=\/wp\/v2\/users\/2"}],"replies":[{"embeddable":true,"href":"https:\/\/www.kindergarten-breitenau.de\/index.php?rest_route=%2Fwp%2Fv2%2Fcomments&post=557"}],"version-history":[{"count":10,"href":"https:\/\/www.kindergarten-breitenau.de\/index.php?rest_route=\/wp\/v2\/pages\/557\/revisions"}],"predecessor-version":[{"id":758,"href":"https:\/\/www.kindergarten-breitenau.de\/index.php?rest_route=\/wp\/v2\/pages\/557\/revisions\/758"}],"wp:attachment":[{"href":"https:\/\/www.kindergarten-breitenau.de\/index.php?rest_route=%2Fwp%2Fv2%2Fmedia&parent=557"}],"curies":[{"name":"wp","href":"https:\/\/api.w.org\/{rel}","templated":true}]}}